{"id":1353,"date":"2017-11-15T10:50:23","date_gmt":"2017-11-15T10:50:23","guid":{"rendered":"https:\/\/comutopiartv.wordpress.com\/?page_id=1353"},"modified":"2017-11-15T10:50:23","modified_gmt":"2017-11-15T10:50:23","slug":"comutopia-television-temporada-2","status":"publish","type":"page","link":"http:\/\/comutopia.uma.es\/index.php\/tele-on-line-yeah\/comutopia-television-temporada-2\/","title":{"rendered":"Comutop\u00eda TV Temporada 2"},"content":{"rendered":"<p style=\"text-align:justify;\">\u00a1Si, ya est\u00e1 aqu\u00ed Comutop\u00eda TV con m\u00e1s fuerza que nunca! Volvemos\u00a0con la segunda temporada de la televisi\u00f3n de la Facultad de\u00a0Ciencias de la Comunicaci\u00f3n de la Universidad de M\u00e1laga.<\/p>\n<p style=\"text-align:justify;\">Con mucha ilusi\u00f3n, nuestro equipo viene con\u00a0ganas de hacerte disfrutar con su contenido una vez m\u00e1s.<\/p>\n<p style=\"text-align:justify;\">Pero, \u00bfquienes son los responsables de hacernos volver? Os lo presentamos con el siguiente v\u00eddeo.\u00a0\u00a1Con\u00f3celos!<\/p>\n<p>[VIDEO]<\/p>\n<p>Por aqu\u00ed te dejamos nuestras secciones:<\/p>\n<p><img loading=\"lazy\" class=\" size-thumbnail wp-image-1124 aligncenter\" src=\"https:\/\/comutopiartv.files.wordpress.com\/2017\/06\/p1-e1497533774241.png?w=150\" alt=\"p1\" width=\"150\" height=\"140\" \/><\/p>\n<h2 style=\"text-align:center;\"><span style=\"color:#ff6600;\"><a href=\"https:\/\/comutopiartv.wordpress.com\/category\/respondeme-t2\/\">\u00a1Resp\u00f3ndeme!<\/a><\/span><\/h2>\n<p><img loading=\"lazy\" class=\" size-thumbnail wp-image-1125 aligncenter\" src=\"https:\/\/comutopiartv.files.wordpress.com\/2017\/06\/p11.png?w=150\" alt=\"p1\" width=\"150\" height=\"145\" \/><\/p>\n<h2 style=\"text-align:center;\"><span style=\"color:#56d600;\"><a href=\"https:\/\/comutopiartv.wordpress.com\/category\/sabias-que-t2\/\">\u00bfSab\u00edas qu\u00e9?<\/a><\/span><\/h2>\n<p><img loading=\"lazy\" class=\" size-thumbnail wp-image-1126 aligncenter\" src=\"https:\/\/comutopiartv.files.wordpress.com\/2017\/06\/pajaro1-e1497533767439.png?w=150\" alt=\"pajaro1\" width=\"150\" height=\"145\" \/><\/p>\n<h2 style=\"text-align:center;\"><span style=\"color:#bd00de;\"><a href=\"https:\/\/comutopiartv.wordpress.com\/category\/mirada-violeta-t2\/\">Mirada Violeta<\/a><\/span><\/h2>\n<p><img loading=\"lazy\" class=\" size-thumbnail wp-image-665 aligncenter\" src=\"https:\/\/comutopiartv.files.wordpress.com\/2017\/04\/p1.png?w=150\" alt=\"p1\" width=\"150\" height=\"145\" \/><\/p>\n<h2 style=\"text-align:center;\"><span style=\"color:#3366ff;\"><a href=\"https:\/\/comutopiartv.wordpress.com\/category\/cajon-de-sastre-t2\/\">Caj\u00f3n De &#8211; Sastre<\/a><\/span><\/h2>\n<p>&nbsp;<\/p>\n<p>&nbsp;<\/p>\n<p>&nbsp;<\/p>\n<p>&nbsp;<\/p>\n<p>&nbsp;<\/p>\n<p>&nbsp;<\/p>\n<p>&nbsp;<\/p>\n","protected":false},"excerpt":{"rendered":"<p>\u00a1Si, ya est\u00e1 aqu\u00ed Comutop\u00eda TV con m\u00e1s fuerza que nunca! Volvemos\u00a0con la segunda temporada de la televisi\u00f3n de la Facultad de\u00a0Ciencias de la Comunicaci\u00f3n de la Universidad de M\u00e1laga. Con mucha ilusi\u00f3n, nuestro equipo viene con\u00a0ganas de hacerte disfrutar con su contenido una vez m\u00e1s. Pero, \u00bfquienes son los responsables de hacernos volver? Os&#8230; <\/p>\n<div class=\"link-more\"><a href=\"http:\/\/comutopia.uma.es\/index.php\/tele-on-line-yeah\/comutopia-television-temporada-2\/\">Leer M\u00e1s<\/a><\/div>\n","protected":false},"author":1,"featured_media":291,"parent":34,"menu_order":0,"comment_status":"closed","ping_status":"closed","template":"","meta":{"spay_email":""},"_links":{"self":[{"href":"http:\/\/comutopia.uma.es\/index.php\/wp-json\/wp\/v2\/pages\/1353"}],"collection":[{"href":"http:\/\/comutopia.uma.es\/index.php\/wp-json\/wp\/v2\/pages"}],"about":[{"href":"http:\/\/comutopia.uma.es\/index.php\/wp-json\/wp\/v2\/types\/page"}],"author":[{"embeddable":true,"href":"http:\/\/comutopia.uma.es\/index.php\/wp-json\/wp\/v2\/users\/1"}],"replies":[{"embeddable":true,"href":"http:\/\/comutopia.uma.es\/index.php\/wp-json\/wp\/v2\/comments?post=1353"}],"version-history":[{"count":0,"href":"http:\/\/comutopia.uma.es\/index.php\/wp-json\/wp\/v2\/pages\/1353\/revisions"}],"up":[{"embeddable":true,"href":"http:\/\/comutopia.uma.es\/index.php\/wp-json\/wp\/v2\/pages\/34"}],"wp:featuredmedia":[{"embeddable":true,"href":"http:\/\/comutopia.uma.es\/index.php\/wp-json\/wp\/v2\/media\/291"}],"wp:attachment":[{"href":"http:\/\/comutopia.uma.es\/index.php\/wp-json\/wp\/v2\/media?parent=1353"}],"curies":[{"name":"wp","href":"https:\/\/api.w.org\/{rel}","templated":true}]}}