{"id":1570,"date":"2018-02-23T20:50:22","date_gmt":"2018-02-23T20:50:22","guid":{"rendered":"https:\/\/comutopiartv.wordpress.com\/?page_id=1570"},"modified":"2019-10-07T13:10:43","modified_gmt":"2019-10-07T11:10:43","slug":"infocomutopia","status":"publish","type":"page","link":"http:\/\/comutopia.uma.es\/index.php\/infocomutopia\/","title":{"rendered":"InfoComutop\u00eda"},"content":{"rendered":"\n<p><span style=\"font-weight: 400;\">\u00bfQuieres estar al tanto de las noticias m\u00e1s importantes que se generan en la UMA?<\/span><\/p>\n\n\n\n<p><span style=\"font-weight: 400;\">Tanto si eres PDI, PAS o estudiante, \u00a1Este es tu programa! <\/span><\/p>\n\n\n\n<p style=\"text-align:justify\"><span style=\"font-weight: 400;\">Coordinado por el equipo de profesionales que componen la direcci\u00f3n de Comutop\u00eda RTV y realizado por los alumnos de Ciencias de la Comunicaci\u00f3n de la UMA, cada semana emitimos un programa informativo que contiene todas las novedades que acontecen en el campus. <\/span><\/p>\n\n\n\n<p style=\"text-align:justify\"><span style=\"font-weight: 400;\">Te mantendremos informado o informada sobre organizaci\u00f3n, servicios, centros, departamentos, convocatorias, tr\u00e1mites, empleo, normativa, oferta acad\u00e9mica, cultural, deportes y sobre todo tipo de actividades relacionadas con la Universidad de M\u00e1laga. <\/span><\/p>\n\n\n\n<p style=\"text-align:justify\"><span style=\"font-weight: 400;\">No dejes escapar la oportunidad de enterarte de todo cuando quieras y como quieras, porque este espacio est\u00e1 a tu disposici\u00f3n las 24 horas del d\u00eda a trav\u00e9s de la web de Comutop\u00eda RTV\u00a0 y de YouTube, y los fines de semana puedes vernos a trav\u00e9s de Torremolinos TV.\u00a0<\/span><\/p>\n\n\n\n<p style=\"text-align:justify\"><span style=\"font-weight: 400;\">Conectamos contigo cada viernes desde InfoComutop\u00eda, un programa de Comutop\u00eda RTV pensado para ti. <\/span><\/p>\n\n\n\n<p><span style=\"font-weight: 400;\">\u00a1Ya est\u00e1 aqu\u00ed tu informativo semanal universitario!<\/span><\/p>\n","protected":false},"excerpt":{"rendered":"<p>\u00bfQuieres estar al tanto de las noticias m\u00e1s importantes que se generan en la UMA? Tanto si eres PDI, PAS o estudiante, \u00a1Este es tu programa! Coordinado por el equipo de profesionales que componen la direcci\u00f3n de Comutop\u00eda RTV y realizado por los alumnos de Ciencias de la Comunicaci\u00f3n de la UMA, cada semana emitimos&#8230; <\/p>\n<div class=\"link-more\"><a href=\"http:\/\/comutopia.uma.es\/index.php\/infocomutopia\/\">Leer M\u00e1s<\/a><\/div>\n","protected":false},"author":1,"featured_media":1568,"parent":0,"menu_order":0,"comment_status":"closed","ping_status":"closed","template":"","meta":{"spay_email":""},"_links":{"self":[{"href":"http:\/\/comutopia.uma.es\/index.php\/wp-json\/wp\/v2\/pages\/1570"}],"collection":[{"href":"http:\/\/comutopia.uma.es\/index.php\/wp-json\/wp\/v2\/pages"}],"about":[{"href":"http:\/\/comutopia.uma.es\/index.php\/wp-json\/wp\/v2\/types\/page"}],"author":[{"embeddable":true,"href":"http:\/\/comutopia.uma.es\/index.php\/wp-json\/wp\/v2\/users\/1"}],"replies":[{"embeddable":true,"href":"http:\/\/comutopia.uma.es\/index.php\/wp-json\/wp\/v2\/comments?post=1570"}],"version-history":[{"count":3,"href":"http:\/\/comutopia.uma.es\/index.php\/wp-json\/wp\/v2\/pages\/1570\/revisions"}],"predecessor-version":[{"id":2563,"href":"http:\/\/comutopia.uma.es\/index.php\/wp-json\/wp\/v2\/pages\/1570\/revisions\/2563"}],"wp:featuredmedia":[{"embeddable":true,"href":"http:\/\/comutopia.uma.es\/index.php\/wp-json\/wp\/v2\/media\/1568"}],"wp:attachment":[{"href":"http:\/\/comutopia.uma.es\/index.php\/wp-json\/wp\/v2\/media?parent=1570"}],"curies":[{"name":"wp","href":"https:\/\/api.w.org\/{rel}","templated":true}]}}