{"id":1838,"date":"2018-09-24T08:21:46","date_gmt":"2018-09-24T08:21:46","guid":{"rendered":"https:\/\/comutopiartv.wordpress.com\/?page_id=1838"},"modified":"2018-09-24T08:21:46","modified_gmt":"2018-09-24T08:21:46","slug":"comutopia-radio-temporada-4","status":"publish","type":"page","link":"http:\/\/comutopia.uma.es\/index.php\/comutopia-radio-temporada-4\/","title":{"rendered":"Comutop\u00eda Radio Temporada 4"},"content":{"rendered":"<p>Muy pronto conocer\u00e1s a los nuevos estudiantes que realizar\u00e1n sus pr\u00e1cticas curriculares en Comutop\u00eda RTV, \u00a1Sigue atento! \u2764<\/p>\n","protected":false},"excerpt":{"rendered":"<p>Muy pronto conocer\u00e1s a los nuevos estudiantes que realizar\u00e1n sus pr\u00e1cticas curriculares en Comutop\u00eda RTV, \u00a1Sigue atento! \u2764<\/p>\n","protected":false},"author":1,"featured_media":0,"parent":0,"menu_order":0,"comment_status":"closed","ping_status":"closed","template":"","meta":{"spay_email":""},"_links":{"self":[{"href":"http:\/\/comutopia.uma.es\/index.php\/wp-json\/wp\/v2\/pages\/1838"}],"collection":[{"href":"http:\/\/comutopia.uma.es\/index.php\/wp-json\/wp\/v2\/pages"}],"about":[{"href":"http:\/\/comutopia.uma.es\/index.php\/wp-json\/wp\/v2\/types\/page"}],"author":[{"embeddable":true,"href":"http:\/\/comutopia.uma.es\/index.php\/wp-json\/wp\/v2\/users\/1"}],"replies":[{"embeddable":true,"href":"http:\/\/comutopia.uma.es\/index.php\/wp-json\/wp\/v2\/comments?post=1838"}],"version-history":[{"count":0,"href":"http:\/\/comutopia.uma.es\/index.php\/wp-json\/wp\/v2\/pages\/1838\/revisions"}],"wp:attachment":[{"href":"http:\/\/comutopia.uma.es\/index.php\/wp-json\/wp\/v2\/media?parent=1838"}],"curies":[{"name":"wp","href":"https:\/\/api.w.org\/{rel}","templated":true}]}}